{"id":20,"date":"2020-07-21T16:12:39","date_gmt":"2020-07-21T16:12:39","guid":{"rendered":"http:\/\/practicare.cz\/?page_id=20"},"modified":"2020-07-25T13:59:54","modified_gmt":"2020-07-25T14:59:54","slug":"preventivni-prohlidky","status":"publish","type":"page","link":"https:\/\/practicare.cz\/?page_id=20","title":{"rendered":"Preventivn\u00ed prohl\u00eddky"},"content":{"rendered":"<div class=\"entry\">\n\n\n<p>Dle z\u00e1kona se prov\u00e1d\u00ed pravideln\u00e9 <strong>zdravotn\u00ed preventivn\u00ed prohl\u00eddky<\/strong> u registrovan\u00fdch pacient\u016f ve   <br>2-let\u00e9m intervalu. Sou\u010d\u00e1st\u00ed je dopln\u011bn\u00ed anamn\u00e9zy, zhodnocen\u00ed sou\u010dasn\u00e9ho zdravotn\u00edho stavu a event. zm\u011bn oproti minul\u00e9 preventivn\u00ed prohl\u00eddce, fyzik\u00e1ln\u00ed vy\u0161et\u0159en\u00ed, vy\u0161et\u0159en\u00ed zraku a sluchu, laboratorn\u00ed vy\u0161et\u0159en\u00ed krve a mo\u010de, EKG nad 40 let v\u011bku a nad 50 let v\u011bku vy\u0161et\u0159en\u00ed okultn\u00edho krv\u00e1cen\u00ed, tj. vy\u0161et\u0159en\u00ed p\u0159\u00edtomnosti krve ve stolici. <\/p>\n\n\n\n<p>\u017deny by m\u011bly t\u00e9\u017e absolvovat pravideln\u00e9 preventivn\u00ed gynekologick\u00e9 prohl\u00eddky a od 45 let v\u011bku i ka\u017ed\u00e9 2 roky mammografick\u00e9 vy\u0161et\u0159en\u00ed prs\u016f.<\/p>\n\n\n\n<p>Pokud si nejste jisti, zda a kdy jste tuto prohl\u00eddku absolvovali, zavolejte n\u00e1m. V p\u0159\u00edpad\u011b z\u00e1jmu v\u00e1s r\u00e1di objedn\u00e1me na nejbli\u017e\u0161\u00ed term\u00edn.<\/p>\n\n\n\n<p>Zdravotn\u00ed preventivn\u00ed prohl\u00eddka je pro v\u00e1s zdarma, pln\u011b hrazen\u00e1 va\u0161\u00ed ZP.<\/p>\n\n\n\n<p>V na\u0161\u00ed ordinaci prov\u00e1d\u00edme pro nasmlouvan\u00e9 firmy i <strong>z\u00e1vodn\u00ed zdravotn\u00ed p\u00e9\u010di<\/strong>, tj. vstupn\u00ed, periodick\u00e9, mimo\u0159\u00e1dn\u00e9 a v\u00fdstupn\u00ed prohl\u00eddky. Pro na\u0161e registrovan\u00e9 pacienty jsme schopni prov\u00e9st z\u00e1vodn\u00ed prohl\u00eddku i pro nesmluvn\u00edho zam\u011bstnavatele, pouze v\u0161ak v p\u0159\u00edpad\u011b, \u017ee se jedn\u00e1 o kategorii <br>prac\u00ed 1. Tyto prohl\u00eddky jsou hrazen\u00e9 zadavatelem dle smlouvy \u010di platn\u00e9ho Cen\u00edku.<\/p>\n\n\n<\/div>","protected":false},"excerpt":{"rendered":"<p>Dle z\u00e1kona se prov\u00e1d\u00ed pravideln\u00e9 zdravotn\u00ed preventivn\u00ed prohl\u00eddky u registrovan\u00fdch pacient\u016f ve 2-let\u00e9m intervalu. Sou\u010d\u00e1st\u00ed je dopln\u011bn\u00ed anamn\u00e9zy, zhodnocen\u00ed sou\u010dasn\u00e9ho zdravotn\u00edho stavu a event. zm\u011bn oproti minul\u00e9 preventivn\u00ed prohl\u00eddce, fyzik\u00e1ln\u00ed vy\u0161et\u0159en\u00ed, vy\u0161et\u0159en\u00ed zraku a sluchu, laboratorn\u00ed vy\u0161et\u0159en\u00ed krve a mo\u010de, EKG nad 40 let v\u011bku a nad 50 let v\u011bku vy\u0161et\u0159en\u00ed okultn\u00edho krv\u00e1cen\u00ed, tj. vy\u0161et\u0159en\u00ed &#8230;<\/p>\n","protected":false},"author":1,"featured_media":0,"parent":0,"menu_order":0,"comment_status":"closed","ping_status":"closed","template":"","meta":{"om_disable_all_campaigns":false,"_monsterinsights_skip_tracking":false,"_monsterinsights_sitenote_active":false,"_monsterinsights_sitenote_note":"","_monsterinsights_sitenote_category":0,"_uf_show_specific_survey":0,"_uf_disable_surveys":false,"footnotes":""},"class_list":["post-20","page","type-page","status-publish"],"aioseo_notices":[],"_links":{"self":[{"href":"https:\/\/practicare.cz\/index.php?rest_route=\/wp\/v2\/pages\/20","targetHints":{"allow":["GET"]}}],"collection":[{"href":"https:\/\/practicare.cz\/index.php?rest_route=\/wp\/v2\/pages"}],"about":[{"href":"https:\/\/practicare.cz\/index.php?rest_route=\/wp\/v2\/types\/page"}],"author":[{"embeddable":true,"href":"https:\/\/practicare.cz\/index.php?rest_route=\/wp\/v2\/users\/1"}],"replies":[{"embeddable":true,"href":"https:\/\/practicare.cz\/index.php?rest_route=%2Fwp%2Fv2%2Fcomments&post=20"}],"version-history":[{"count":11,"href":"https:\/\/practicare.cz\/index.php?rest_route=\/wp\/v2\/pages\/20\/revisions"}],"predecessor-version":[{"id":240,"href":"https:\/\/practicare.cz\/index.php?rest_route=\/wp\/v2\/pages\/20\/revisions\/240"}],"wp:attachment":[{"href":"https:\/\/practicare.cz\/index.php?rest_route=%2Fwp%2Fv2%2Fmedia&parent=20"}],"curies":[{"name":"wp","href":"https:\/\/api.w.org\/{rel}","templated":true}]}}