{"id":18,"date":"2020-07-21T16:12:22","date_gmt":"2020-07-21T16:12:22","guid":{"rendered":"http:\/\/practicare.cz\/?page_id=18"},"modified":"2025-09-04T08:34:41","modified_gmt":"2025-09-04T09:34:41","slug":"kontakty","status":"publish","type":"page","link":"https:\/\/practicare.cz\/?page_id=18","title":{"rendered":"Kontakty"},"content":{"rendered":"<div class=\"entry\">\n\n\n<p><strong>Adresa ordinace \/ kontaktn\u00ed adresa:<\/strong><br>MUDr. Franti\u0161ek Bl\u00e1ha<br>Practicare s. r. o.<br>Ordinace praktick\u00e9ho l\u00e9ka\u0159e<br>Hradeck\u00e1 600, 333 01 Stod<br>I\u010cZ 45 869 000<br>I\u010cP 45 869 001<br>e-mail info@practicare.cz<br>tel. +420 606 063 994<\/p>\n\n\n\n<figure class=\"wp-block-image size-full is-resized\"><a href=\"https:\/\/www.facebook.com\/profile.php?id=61562579793006\"><img loading=\"lazy\" decoding=\"async\" width=\"512\" height=\"512\" src=\"https:\/\/practicare.cz\/wp-content\/uploads\/2024\/10\/Paomedia-Small-N-Flat-Social-facebook.512.png\" alt=\"\" class=\"wp-image-480\" style=\"width:58px;height:auto\" srcset=\"https:\/\/practicare.cz\/wp-content\/uploads\/2024\/10\/Paomedia-Small-N-Flat-Social-facebook.512.png 512w, https:\/\/practicare.cz\/wp-content\/uploads\/2024\/10\/Paomedia-Small-N-Flat-Social-facebook.512-300x300.png 300w, https:\/\/practicare.cz\/wp-content\/uploads\/2024\/10\/Paomedia-Small-N-Flat-Social-facebook.512-150x150.png 150w\" sizes=\"auto, (max-width: 512px) 100vw, 512px\" \/><\/a><\/figure>\n\n\n\n<p><\/p>\n\n\n\n<figure class=\"wp-block-table\"><table class=\"has-fixed-layout\"><tbody><tr><td class=\"has-text-align-center\" data-align=\"center\">Pond\u011bl\u00ed<\/td><td class=\"has-text-align-center\" data-align=\"center\">7:00 &#8211; 8:00 <em>(odb\u011bry, o\u010dkov\u00e1n\u00ed)<\/em><br>8:00 &#8211; 13:00<br>13:00 &#8211; 18:00<em> (pro objednan\u00e9)<\/em><\/td><\/tr><tr><td class=\"has-text-align-center\" data-align=\"center\">\u00dater\u00fd<\/td><td class=\"has-text-align-center\" data-align=\"center\">7:00 &#8211; 8:00 <em>(odb\u011bry, o\u010dkov\u00e1n\u00ed)<\/em><br>8:00 &#8211; 13:00<br>13:00 &#8211; 14:00<em> (pro objednan\u00e9)<\/em><\/td><\/tr><tr><td class=\"has-text-align-center\" data-align=\"center\">St\u0159eda<\/td><td class=\"has-text-align-center\" data-align=\"center\">7:00 &#8211; 8:00 <em>(odb\u011bry, o\u010dkov\u00e1n\u00ed)<\/em><br>8:00 &#8211; 13:00<br>13:00 &#8211; 14:00<em> (pro objednan\u00e9)<\/em><\/td><\/tr><tr><td class=\"has-text-align-center\" data-align=\"center\">\u010ctvrtek<\/td><td class=\"has-text-align-center\" data-align=\"center\">7:00 &#8211; 8:00 <em>(odb\u011bry, o\u010dkov\u00e1n\u00ed)<\/em><br>8:00 &#8211; 12:00<\/td><\/tr><tr><td class=\"has-text-align-center\" data-align=\"center\">P\u00e1tek<\/td><td class=\"has-text-align-center\" data-align=\"center\">7:00 &#8211; 8:00 <em>(odb\u011bry, o\u010dkov\u00e1n\u00ed)<\/em><br>8:00 &#8211; 13:00<\/td><\/tr><tr><td class=\"has-text-align-center\" data-align=\"center\">Sobota<\/td><td class=\"has-text-align-center\" data-align=\"center\">Zav\u0159eno<\/td><\/tr><tr><td class=\"has-text-align-center\" data-align=\"center\">Ned\u011ble<\/td><td class=\"has-text-align-center\" data-align=\"center\">Zav\u0159eno<\/td><\/tr><\/tbody><\/table><\/figure>\n\n\n\n<p><\/p>\n\n\n\n<div class=\"wp-block-buttons is-layout-flex wp-block-buttons-is-layout-flex\"><\/div>\n\n\n\n<p><\/p>\n\n\n\n<p><strong>S\u00eddlo firmy \/ faktura\u010dn\u00ed adresa<\/strong>:<br>Practicare s. r. o.<br>I\u010c 29118131<br>P\u0159\u00edchovice 303<br>334 01 P\u0159\u00edchovice<br>e-mail office@practicare.cz<\/p>\n\n\n\n<p><\/p>\n\n\n\n<p><\/p>\n\n\n\n<ul class=\"wp-block-list\">\n<li><\/li>\n<\/ul>\n\n\n\n<p><\/p>\n\n\n<\/div>","protected":false},"excerpt":{"rendered":"<p>Adresa ordinace \/ kontaktn\u00ed adresa:MUDr. Franti\u0161ek Bl\u00e1haPracticare s. r. o.Ordinace praktick\u00e9ho l\u00e9ka\u0159eHradeck\u00e1 600, 333 01 StodI\u010cZ 45 869 000I\u010cP 45 869 001e-mail info@practicare.cztel. +420 606 063 994 Pond\u011bl\u00ed 7:00 &#8211; 8:00 (odb\u011bry, o\u010dkov\u00e1n\u00ed)8:00 &#8211; 13:0013:00 &#8211; 18:00 (pro objednan\u00e9) \u00dater\u00fd 7:00 &#8211; 8:00 (odb\u011bry, o\u010dkov\u00e1n\u00ed)8:00 &#8211; 13:0013:00 &#8211; 14:00 (pro objednan\u00e9) St\u0159eda 7:00 &#8211; 8:00 &#8230;<\/p>\n","protected":false},"author":1,"featured_media":0,"parent":0,"menu_order":0,"comment_status":"closed","ping_status":"closed","template":"","meta":{"om_disable_all_campaigns":false,"_monsterinsights_skip_tracking":false,"_monsterinsights_sitenote_active":false,"_monsterinsights_sitenote_note":"","_monsterinsights_sitenote_category":0,"_uf_show_specific_survey":0,"_uf_disable_surveys":false,"footnotes":""},"class_list":["post-18","page","type-page","status-publish"],"aioseo_notices":[],"_links":{"self":[{"href":"https:\/\/practicare.cz\/index.php?rest_route=\/wp\/v2\/pages\/18","targetHints":{"allow":["GET"]}}],"collection":[{"href":"https:\/\/practicare.cz\/index.php?rest_route=\/wp\/v2\/pages"}],"about":[{"href":"https:\/\/practicare.cz\/index.php?rest_route=\/wp\/v2\/types\/page"}],"author":[{"embeddable":true,"href":"https:\/\/practicare.cz\/index.php?rest_route=\/wp\/v2\/users\/1"}],"replies":[{"embeddable":true,"href":"https:\/\/practicare.cz\/index.php?rest_route=%2Fwp%2Fv2%2Fcomments&post=18"}],"version-history":[{"count":35,"href":"https:\/\/practicare.cz\/index.php?rest_route=\/wp\/v2\/pages\/18\/revisions"}],"predecessor-version":[{"id":528,"href":"https:\/\/practicare.cz\/index.php?rest_route=\/wp\/v2\/pages\/18\/revisions\/528"}],"wp:attachment":[{"href":"https:\/\/practicare.cz\/index.php?rest_route=%2Fwp%2Fv2%2Fmedia&parent=18"}],"curies":[{"name":"wp","href":"https:\/\/api.w.org\/{rel}","templated":true}]}}