{"id":16,"date":"2020-07-21T16:11:44","date_gmt":"2020-07-21T16:11:44","guid":{"rendered":"http:\/\/practicare.cz\/?page_id=16"},"modified":"2026-02-24T08:13:38","modified_gmt":"2026-02-24T09:13:38","slug":"cenik-vykonu","status":"publish","type":"page","link":"https:\/\/practicare.cz\/?page_id=16","title":{"rendered":"Cen\u00edk v\u00fdkon\u016f"},"content":{"rendered":"<div class=\"entry\">\n\n\n<figure class=\"wp-block-image size-full\"><img loading=\"lazy\" decoding=\"async\" width=\"682\" height=\"701\" src=\"https:\/\/practicare.cz\/wp-content\/uploads\/2026\/02\/obrazek.png\" alt=\"\" class=\"wp-image-537\" srcset=\"https:\/\/practicare.cz\/wp-content\/uploads\/2026\/02\/obrazek.png 682w, https:\/\/practicare.cz\/wp-content\/uploads\/2026\/02\/obrazek-292x300.png 292w\" sizes=\"auto, (max-width: 682px) 100vw, 682px\" \/><\/figure>\n\n\n<\/div>","protected":false},"excerpt":{"rendered":"","protected":false},"author":1,"featured_media":0,"parent":0,"menu_order":0,"comment_status":"closed","ping_status":"closed","template":"","meta":{"om_disable_all_campaigns":false,"_monsterinsights_skip_tracking":false,"_monsterinsights_sitenote_active":false,"_monsterinsights_sitenote_note":"","_monsterinsights_sitenote_category":0,"_uf_show_specific_survey":0,"_uf_disable_surveys":false,"footnotes":""},"class_list":["post-16","page","type-page","status-publish"],"aioseo_notices":[],"_links":{"self":[{"href":"https:\/\/practicare.cz\/index.php?rest_route=\/wp\/v2\/pages\/16","targetHints":{"allow":["GET"]}}],"collection":[{"href":"https:\/\/practicare.cz\/index.php?rest_route=\/wp\/v2\/pages"}],"about":[{"href":"https:\/\/practicare.cz\/index.php?rest_route=\/wp\/v2\/types\/page"}],"author":[{"embeddable":true,"href":"https:\/\/practicare.cz\/index.php?rest_route=\/wp\/v2\/users\/1"}],"replies":[{"embeddable":true,"href":"https:\/\/practicare.cz\/index.php?rest_route=%2Fwp%2Fv2%2Fcomments&post=16"}],"version-history":[{"count":9,"href":"https:\/\/practicare.cz\/index.php?rest_route=\/wp\/v2\/pages\/16\/revisions"}],"predecessor-version":[{"id":538,"href":"https:\/\/practicare.cz\/index.php?rest_route=\/wp\/v2\/pages\/16\/revisions\/538"}],"wp:attachment":[{"href":"https:\/\/practicare.cz\/index.php?rest_route=%2Fwp%2Fv2%2Fmedia&parent=16"}],"curies":[{"name":"wp","href":"https:\/\/api.w.org\/{rel}","templated":true}]}}