{"id":14,"date":"2020-07-21T16:11:26","date_gmt":"2020-07-21T16:11:26","guid":{"rendered":"http:\/\/practicare.cz\/?page_id=14"},"modified":"2020-07-22T17:52:39","modified_gmt":"2020-07-22T18:52:39","slug":"ockovani","status":"publish","type":"page","link":"https:\/\/practicare.cz\/?page_id=14","title":{"rendered":"O\u010dkov\u00e1n\u00ed"},"content":{"rendered":"<div class=\"entry\">\n\n\n<ul class=\"wp-block-list\"><li><strong>tetanus<\/strong> &#8211; povinn\u00e9 o\u010dkov\u00e1n\u00ed. Primoo\u010dkuje se ji\u017e v d\u011btstv\u00ed. V sou\u010dasn\u00e9 dob\u011b se u dosp\u011bl\u00fdch prov\u00e1d\u00ed vakcinou Vacteta. Doporu\u010den\u00fd interval p\u0159eo\u010dkov\u00e1n\u00ed je \u00e1 15 let do 50 let v\u011bku a \u00e1 10 let nad 50 let, samoz\u0159ejm\u011b s ur\u010ditou toleranc\u00ed.  D\u00e1le je nutn\u00e9 p\u0159eo\u010dkov\u00e1n\u00ed v p\u0159\u00edpad\u011b otev\u0159en\u00e9ho poran\u011bn\u00ed, kdy doba uplynul\u00e1 od posledn\u00edho p\u0159eo\u010dkov\u00e1n\u00ed \u010din\u00ed v\u00edce ne\u017e 1\/2 o\u010dkovac\u00edho intervalu, tj. nap\u0159. u pacienta nad 50 let v\u00edce ne\u017e 5 let od posledn\u00edho p\u0159eo\u010dkov\u00e1n\u00ed.<\/li><li><strong>kl\u00ed\u0161\u0165ov\u00e1 encefalitida<\/strong> <strong>(KE)<\/strong> &#8211; na \u017e\u00e1dost pacienta, hrazen\u00fd v\u00fdkon &#8211; viz Cen\u00edk. Pou\u017e\u00edv\u00e1 se p\u0159ev\u00e1\u017en\u011b vakcina FSME. P\u0159eo\u010dkov\u00e1n\u00ed do 50 let \u00e1 5 let, nad 50 let v\u011bku \u00e1 3 roky. Z\u00e1kladn\u00ed o\u010dkov\u00e1n\u00ed p\u0159edstavuje postupn\u00e1 aplikace 3 z\u00e1kladn\u00edch d\u00e1vek. Zdravotn\u00ed poji\u0161\u0165ovny p\u0159isp\u00edvaj\u00ed na toto o\u010dkov\u00e1n\u00ed ur\u010ditou \u010d\u00e1stkou, v\u011bt\u0161inou 500,- K\u010d. Informujte se na detaily u sv\u00e9 ZP anebo na jej\u00edch www str\u00e1nk\u00e1ch. Vzhledem k roz\u0161\u00ed\u0159en\u00ed ohnisek KE toto o\u010dkov\u00e1n\u00ed velmi doporu\u010dujeme.<\/li><li><strong>ch\u0159ipka<\/strong> &#8211; u osob nad 65 let a mlad\u0161\u00edch rizikov\u00fdch skupin (z\u00e1va\u017en\u011bj\u0161\u00ed onemocn\u011bn\u00ed kardiovaskul\u00e1rn\u00edho traktu, plic a ledvin) je zdarma. Pro ostatn\u00ed pacienty se jedn\u00e1 o hrazen\u00fd v\u00fdkon. Jde se o sez\u00f3nn\u00ed o\u010dkov\u00e1n\u00ed, tj. ka\u017edoro\u010dn\u011b v obdob\u00ed zhruba z\u00e1\u0159\u00ed &#8211; prosinec, max. do za\u010d\u00e1tku ch\u0159ipkov\u00e9 epidemie. V sou\u010dasn\u00e9 dob\u011b se ji\u017e standardn\u011b pou\u017e\u00edvaj\u00ed tzv. tetravalentn\u00ed vakciny, kter\u00e1 v\u00e1s ochr\u00e1n\u00ed p\u0159ed 4 nej\u010dast\u011bj\u0161\u00edmi kmeny ch\u0159ipky. Nelze ne\u017e velmi doporu\u010dit.<\/li><li><strong>pneumokov\u00fd z\u00e1pal plic<\/strong> &#8211; pro skupinu pacient\u016f 65+ je zdarma. T. \u010d. se pou\u017e\u00edv\u00e1 vakcina Prevenar 13. Jedn\u00e1 se o jednor\u00e1zov\u00e9 o\u010dkov\u00e1n\u00ed bez nutnosti p\u0159e\u010dkov\u00e1n\u00ed, kter\u00e9 pacienta chr\u00e1n\u00ed p\u0159ed nebezpe\u010dn\u00fdmi pneumokokov\u00fdmi z\u00e1paly plic s \u010dasto velmi z\u00e1va\u017en\u00fdm a\u017e smrteln\u00fdm pr\u016fb\u011bhem ve vy\u0161\u0161\u00edm v\u011bku. Doporu\u010dujeme !!!<\/li><li><strong>hepatitis B <\/strong>&#8211; sou\u010dasn\u00e1 mlad\u00e1 generace od ur\u010dit\u00e9ho roku narozen\u00ed m\u011bla toto o\u010dkov\u00e1n\u00ed ji\u017e jako sou\u010d\u00e1st kombinovan\u00fdch vakcin aplikovan\u00fdch v d\u011btsk\u00e9m v\u011bku. O\u010dkov\u00e1n\u00ed se prov\u00e1d\u00ed bu\u010f s\u00f3lo vakcinou Engerix B, anebo v kombinaci nap\u0159. s o\u010dkov\u00e1n\u00edm proti hepatitis A (vakcina Twinrix). Pro zam\u011bstnance ve zdravotnictv\u00ed a soci\u00e1ln\u00edch slu\u017eb\u00e1ch je zdarma, d\u00e1le pro ur\u010dit\u00e9 vybran\u00e9 skupiny (Policie \u010cR atd.). Jako hrazen\u00fd v\u00fdkon se prov\u00e1d\u00ed na \u017e\u00e1dost pacienta, nap\u0159. p\u0159i cest\u00e1ch do rizikov\u00fdch oblast\u00ed apod.<\/li><li><strong>jin\u00e1 o\u010dkov\u00e1n\u00ed<\/strong> &#8211; v\u011bt\u0161inou p\u0159i cest\u00e1ch do vybran\u00fdch zem\u00ed. Na dotaz v ordinaci, v\u011bt\u0161inou v\u0161ak prov\u00e1d\u00ed St\u00e1tn\u00ed zdravotn\u00ed \u00fastav Plze\u0148 anebo O\u010dkovac\u00ed centrum v Plzni.<\/li><\/ul>\n\n\n\n<p><\/p>\n\n\n<\/div>","protected":false},"excerpt":{"rendered":"<p>tetanus &#8211; povinn\u00e9 o\u010dkov\u00e1n\u00ed. Primoo\u010dkuje se ji\u017e v d\u011btstv\u00ed. V sou\u010dasn\u00e9 dob\u011b se u dosp\u011bl\u00fdch prov\u00e1d\u00ed vakcinou Vacteta. Doporu\u010den\u00fd interval p\u0159eo\u010dkov\u00e1n\u00ed je \u00e1 15 let do 50 let v\u011bku a \u00e1 10 let nad 50 let, samoz\u0159ejm\u011b s ur\u010ditou toleranc\u00ed. D\u00e1le je nutn\u00e9 p\u0159eo\u010dkov\u00e1n\u00ed v p\u0159\u00edpad\u011b otev\u0159en\u00e9ho poran\u011bn\u00ed, kdy doba uplynul\u00e1 od posledn\u00edho p\u0159eo\u010dkov\u00e1n\u00ed \u010din\u00ed &#8230;<\/p>\n","protected":false},"author":1,"featured_media":0,"parent":0,"menu_order":0,"comment_status":"closed","ping_status":"closed","template":"","meta":{"om_disable_all_campaigns":false,"_monsterinsights_skip_tracking":false,"_monsterinsights_sitenote_active":false,"_monsterinsights_sitenote_note":"","_monsterinsights_sitenote_category":0,"_uf_show_specific_survey":0,"_uf_disable_surveys":false,"footnotes":""},"class_list":["post-14","page","type-page","status-publish"],"aioseo_notices":[],"_links":{"self":[{"href":"https:\/\/practicare.cz\/index.php?rest_route=\/wp\/v2\/pages\/14","targetHints":{"allow":["GET"]}}],"collection":[{"href":"https:\/\/practicare.cz\/index.php?rest_route=\/wp\/v2\/pages"}],"about":[{"href":"https:\/\/practicare.cz\/index.php?rest_route=\/wp\/v2\/types\/page"}],"author":[{"embeddable":true,"href":"https:\/\/practicare.cz\/index.php?rest_route=\/wp\/v2\/users\/1"}],"replies":[{"embeddable":true,"href":"https:\/\/practicare.cz\/index.php?rest_route=%2Fwp%2Fv2%2Fcomments&post=14"}],"version-history":[{"count":10,"href":"https:\/\/practicare.cz\/index.php?rest_route=\/wp\/v2\/pages\/14\/revisions"}],"predecessor-version":[{"id":131,"href":"https:\/\/practicare.cz\/index.php?rest_route=\/wp\/v2\/pages\/14\/revisions\/131"}],"wp:attachment":[{"href":"https:\/\/practicare.cz\/index.php?rest_route=%2Fwp%2Fv2%2Fmedia&parent=14"}],"curies":[{"name":"wp","href":"https:\/\/api.w.org\/{rel}","templated":true}]}}