{"id":11,"date":"2020-07-21T16:10:16","date_gmt":"2020-07-21T16:10:16","guid":{"rendered":"http:\/\/practicare.cz\/?page_id=11"},"modified":"2020-07-24T13:26:03","modified_gmt":"2020-07-24T14:26:03","slug":"o-nas","status":"publish","type":"page","link":"https:\/\/practicare.cz\/?page_id=11","title":{"rendered":"Ordinace PL"},"content":{"rendered":"<div class=\"entry\">\n\n\n<p style=\"font-size:18px\"><strong>Practicare s. r. o.<\/strong><br><strong><span style=\"text-decoration: underline;\">Hradeck\u00e1 600, are\u00e1l Stodsk\u00e9 nemocnice a. s., 333 01 Stod<\/span><\/strong><\/p>\n\n\n\n<p>Ordinace poskytuje zdravotn\u00ed p\u00e9\u010di v oboru v\u0161eobecn\u00e9 praktick\u00e9 l\u00e9ka\u0159stv\u00ed pro \u00fazem\u00ed m\u011bsta Stod a p\u0159ilehl\u00fdch sp\u00e1dov\u00fdch obc\u00ed. <\/p>\n\n\n\n<p><strong><span style=\"text-decoration: underline;\">Akreditace MZ \u010cR<\/span><\/strong><br>V roce 2019 z\u00edskala na\u0161e ordinace akreditace Ministerstva zdravotnictv\u00ed pro p\u0159edatesta\u010dn\u00ed vzd\u011bl\u00e1v\u00e1n\u00ed l\u00e9ka\u0159\u016f v oboru v\u0161eobecn\u00e9ho praktick\u00e9ho l\u00e9ka\u0159stv\u00ed, a to jak pro z\u00e1kladn\u00ed kmen, tak i pro vlastn\u00ed specializa\u010dn\u00ed p\u0159\u00edpravu.<\/p>\n\n\n\n<p class=\"has-normal-font-size\"><strong><span style=\"text-decoration: underline;\">Zam\u011bstnanci:<\/span><\/strong><br><strong>MUDr. Franti\u0161ek Bl\u00e1ha<\/strong><br>&#8211; atestace I. stupn\u011b v oboru vnit\u0159n\u00ed l\u00e9ka\u0159stv\u00ed<br>&#8211; atestace v oboru nukle\u00e1rn\u00ed medic\u00edny<br>&#8211; licence \u010cLK pro funkci prim\u00e1\u0159e a k v\u00fdkonu soukrom\u00e9 praxe v oboru <br>  nukle\u00e1rn\u00ed medic\u00edny<br>&#8211; atestace v oboru v\u0161eobecn\u00e9 praktick\u00e9 l\u00e9ka\u0159stv\u00ed<br>&#8211; licence \u010cLK pro funkci prim\u00e1\u0159e, lektora a k v\u00fdkonu soukrom\u00e9 praxe v<br>  oboru v\u0161eobecn\u00e9 praktick\u00e9 l\u00e9ka\u0159stv\u00ed<br>&#8211; diplom celo\u017eivotn\u00edho vzd\u011bl\u00e1v\u00e1n\u00ed \u010cLK <\/p>\n\n\n\n<p><strong>Nela Brabcov\u00e1, DiS.<\/strong><br>&#8211; v\u0161eobecn\u00e1 zdravotn\u00ed sestra, diplomovan\u00fd specialista<\/p>\n\n\n\n<p><strong><span style=\"text-decoration: underline;\">Smluvn\u00ed zdravotn\u00ed poji\u0161\u0165ovny:<\/span><\/strong><br>Na\u0161e zdravotnick\u00e9 za\u0159\u00edzen\u00ed m\u00e1 uzav\u0159enou smlouvu o poskytov\u00e1n\u00ed zdravotn\u00ed p\u00e9\u010de v oboru v\u0161eobecn\u00e9 praktick\u00e9 l\u00e9ka\u0159stv\u00ed s n\u00e1sleduj\u00edc\u00edmi zdravotn\u00edmi poji\u0161\u0165ovnami:<br><br><strong>111 VZP<\/strong> V\u0161eobecn\u00e1 zdravotn\u00ed poji\u0161\u0165ovna<br><strong>201 VoZP<\/strong>  Vojensk\u00e1 zdravotn\u00ed poji\u0161\u0165ovna <br><strong>205 \u010cPZP<\/strong> \u010cesk\u00e1 pr\u016fmyslov\u00e1 zdravotn\u00ed poji\u0161\u0165ovna <br><strong>207 OZP<\/strong>  Oborov\u00e1 zdravotn\u00ed poji\u0161\u0165ovna <br><strong>211 ZPMV\u010cR<\/strong> Zdravotn\u00ed poji\u0161\u0165ovna Ministerstva vnitra \u010cR<br><strong>213 RBP<\/strong> Rev\u00edrn\u00ed bratrsk\u00e1 pokladna, zdravotn\u00ed poji\u0161\u0165ovna<\/p>\n\n\n\n<p><\/p>\n\n\n\n<p><span style=\"text-decoration: underline;\"><strong>P\u0159\u00edstrojov\u00e1 technika<\/strong>:<\/span><br>V na\u0161\u00ed ordinaci prov\u00e1d\u00edme<strong> 24 hodinovou monitoraci krevn\u00edho tlaku<\/strong> &#8211; tzv. Holter tlaku p\u0159\u00edstrojem <strong><a rel=\"noreferrer noopener\" aria-label=\"Ergoscan (otev\u0159e se na nov\u00e9 z\u00e1lo\u017ece)\" href=\"http:\/\/www.kardioline.cz\/produkty\/abpm\/ergoline_ergoscan\/\" target=\"_blank\">Ergoscan<\/a><\/strong> firmy Ergoline. D\u00e1le prov\u00e1d\u00edme <strong>stanoven\u00ed z\u00e1n\u011btliv\u00e9ho markeru CRP<\/strong> a <strong>stanoven\u00ed krv\u00e1cen\u00ed do stolice iFOB<\/strong> p\u0159\u00edstrojem <strong><a rel=\"noreferrer noopener\" aria-label=\" (otev\u0159e se na nov\u00e9 z\u00e1lo\u017ece)\" href=\"https:\/\/www.aidian.cz\/poct\/quikread-go\/quikread-go-pristroj#obvykle\" target=\"_blank\">QuikRead go<\/a><\/strong> firmy Orion Diagnostics. Ob\u011b metody m\u00e1me certifikov\u00e1ny.<\/p>\n\n\n<\/div>","protected":false},"excerpt":{"rendered":"<p>Practicare s. r. o.Hradeck\u00e1 600, are\u00e1l Stodsk\u00e9 nemocnice a. s., 333 01 Stod Ordinace poskytuje zdravotn\u00ed p\u00e9\u010di v oboru v\u0161eobecn\u00e9 praktick\u00e9 l\u00e9ka\u0159stv\u00ed pro \u00fazem\u00ed m\u011bsta Stod a p\u0159ilehl\u00fdch sp\u00e1dov\u00fdch obc\u00ed. Akreditace MZ \u010cRV roce 2019 z\u00edskala na\u0161e ordinace akreditace Ministerstva zdravotnictv\u00ed pro p\u0159edatesta\u010dn\u00ed vzd\u011bl\u00e1v\u00e1n\u00ed l\u00e9ka\u0159\u016f v oboru v\u0161eobecn\u00e9ho praktick\u00e9ho l\u00e9ka\u0159stv\u00ed, a to jak pro z\u00e1kladn\u00ed &#8230;<\/p>\n","protected":false},"author":1,"featured_media":0,"parent":0,"menu_order":0,"comment_status":"closed","ping_status":"closed","template":"","meta":{"om_disable_all_campaigns":false,"_monsterinsights_skip_tracking":false,"_monsterinsights_sitenote_active":false,"_monsterinsights_sitenote_note":"","_monsterinsights_sitenote_category":0,"_uf_show_specific_survey":0,"_uf_disable_surveys":false,"footnotes":""},"class_list":["post-11","page","type-page","status-publish"],"aioseo_notices":[],"_links":{"self":[{"href":"https:\/\/practicare.cz\/index.php?rest_route=\/wp\/v2\/pages\/11","targetHints":{"allow":["GET"]}}],"collection":[{"href":"https:\/\/practicare.cz\/index.php?rest_route=\/wp\/v2\/pages"}],"about":[{"href":"https:\/\/practicare.cz\/index.php?rest_route=\/wp\/v2\/types\/page"}],"author":[{"embeddable":true,"href":"https:\/\/practicare.cz\/index.php?rest_route=\/wp\/v2\/users\/1"}],"replies":[{"embeddable":true,"href":"https:\/\/practicare.cz\/index.php?rest_route=%2Fwp%2Fv2%2Fcomments&post=11"}],"version-history":[{"count":22,"href":"https:\/\/practicare.cz\/index.php?rest_route=\/wp\/v2\/pages\/11\/revisions"}],"predecessor-version":[{"id":220,"href":"https:\/\/practicare.cz\/index.php?rest_route=\/wp\/v2\/pages\/11\/revisions\/220"}],"wp:attachment":[{"href":"https:\/\/practicare.cz\/index.php?rest_route=%2Fwp%2Fv2%2Fmedia&parent=11"}],"curies":[{"name":"wp","href":"https:\/\/api.w.org\/{rel}","templated":true}]}}